{"id":1049,"date":"2020-02-19T09:50:01","date_gmt":"2020-02-19T09:50:01","guid":{"rendered":"https:\/\/mindsetmarbella.com\/estepona"},"modified":"2020-10-06T12:43:33","modified_gmt":"2020-10-06T12:43:33","slug":"estepona","status":"publish","type":"page","link":"https:\/\/mindsetmarbella.com\/en\/estepona\/","title":{"rendered":"Estepona"},"content":{"rendered":"<div class=\"wpb-content-wrapper\"><p>[vc_row equal_height=&#8221;yes&#8221; content_placement=&#8221;middle&#8221;][vc_column width=&#8221;1\/2&#8243;][vc_column_text]<\/p>\n<h2 style=\"text-align: left;\">Estepona is the most expansive municipality along the coast.<\/h2>\n<p>Estepona has like the others its origin in fishing and it\u2019s still a very import part. Like Marbella has Estepona a low silhouette along the coast and the Andalusian charm is palpable.<\/p>\n<p>The coastline is 23 km whereof 21 km is very well maintained beaches. Estepona is perfect for the one looking for a little slower pace, but far from boring. You find a lot of restaurants, bars, restaurants and shops. On the beaches, you can always have a nice lunch or something to drink at some of the many \u201cchiringuitos\u201d<\/p>\n<p>Estepona&#8217;s mayor, Jos\u00e9 Mar\u00eda Garc\u00eda Urbano, is the most popular mayor in Spain with voter support above 70%. He is very active and initiates many projects to develop the municipality. Among many other initiatives the new hospital and making Estepona the \u201cGarden of the coast\u201d can be mentioned. During the summer of 2019, over 100 000 plants were planted.<br \/>\n[\/vc_column_text][vc_separator color=&#8221;white&#8221; css=&#8221;.vc_custom_1588947395268{padding-top: 30px !important;padding-bottom: 30px !important;}&#8221;][\/vc_column][vc_column width=&#8221;1\/2&#8243;][vc_single_image image=&#8221;386&#8243; img_size=&#8221;full&#8221;][vc_separator color=&#8221;white&#8221; css=&#8221;.vc_custom_1588947395268{padding-top: 30px !important;padding-bottom: 30px !important;}&#8221;][\/vc_column][\/vc_row][vc_row equal_height=&#8221;yes&#8221; content_placement=&#8221;middle&#8221;][vc_column width=&#8221;1\/2&#8243;][vc_single_image image=&#8221;388&#8243; img_size=&#8221;full&#8221;][vc_separator color=&#8221;white&#8221; css=&#8221;.vc_custom_1588947395268{padding-top: 30px !important;padding-bottom: 30px !important;}&#8221;][\/vc_column][vc_column width=&#8221;1\/2&#8243;][vc_column_text]<\/p>\n<h2>The new hospital in Estepona is one of the mayor&#8217;s initiatives.<\/h2>\n<p>Currently, there is a project going on to connect Estepona with Puerto Ban\u00fas v\u00eda an extension of the promenade.<\/p>\n<p>When it\u2019s ready there will be a 40 km long promenade between Marbella and Estepona.<\/p>\n<p>In the very charming city centre has every alley low white houses and each alley has its own colour of all the pots hanging on the walls, and there\u2019s a lot of them.<\/p>\n<p>There are many ongoing new development projects and in general, are the prices for properties lower than in for example Marbella.[\/vc_column_text][vc_separator color=&#8221;white&#8221; css=&#8221;.vc_custom_1582115239889{padding-top: 30px !important;padding-bottom: 30px !important;}&#8221;][vc_btn title=&#8221;PROPERTIES FOR SALE IN ESTEPONA&#8221; style=&#8221;flat&#8221; shape=&#8221;square&#8221; color=&#8221;juicy-pink&#8221; size=&#8221;lg&#8221; align=&#8221;left&#8221; i_icon_fontawesome=&#8221;fas fa-home&#8221; add_icon=&#8221;true&#8221; link=&#8221;url:https%3A%2F%2Fmindsetmarbella.com%2Fen%2Fproperties-for-sale%2Festepona|title:Malaga&#8221;][\/vc_column][\/vc_row]<\/p>\n<\/div>","protected":false},"excerpt":{"rendered":"<p>[vc_row equal_height=&#8221;yes&#8221; content_placement=&#8221;middle&#8221;][vc_column width=&#8221;1\/2&#8243;][vc_column_text] Estepona is the most expansive municipality along the coast. Estepona has like the others its origin in fishing and it\u2019s still a very import part. Like Marbella has Estepona a low silhouette along the coast and the Andalusian charm is palpable. The coastline is 23 km whereof 21 km is very [&hellip;]<\/p>\n","protected":false},"author":2,"featured_media":0,"parent":0,"menu_order":0,"comment_status":"closed","ping_status":"closed","template":"template-full-width.php","meta":{"_acf_changed":false,"footnotes":""},"class_list":["post-1049","page","type-page","status-publish","hentry"],"acf":[],"yoast_head":"<!-- This site is optimized with the Yoast SEO plugin v26.9 - https:\/\/yoast.com\/product\/yoast-seo-wordpress\/ -->\n<title>Estepona - Mindset Marbella<\/title>\n<meta name=\"robots\" content=\"index, follow, max-snippet:-1, max-image-preview:large, max-video-preview:-1\" \/>\n<link rel=\"canonical\" href=\"https:\/\/mindsetmarbella.com\/en\/estepona\/\" \/>\n<meta property=\"og:locale\" content=\"en_US\" \/>\n<meta property=\"og:type\" content=\"article\" \/>\n<meta property=\"og:title\" content=\"Estepona - Mindset Marbella\" \/>\n<meta property=\"og:description\" content=\"[vc_row equal_height=&#8221;yes&#8221; content_placement=&#8221;middle&#8221;][vc_column width=&#8221;1\/2&#8243;][vc_column_text] Estepona is the most expansive municipality along the coast. Estepona has like the others its origin in fishing and it\u2019s still a very import part. Like Marbella has Estepona a low silhouette along the coast and the Andalusian charm is palpable. The coastline is 23 km whereof 21 km is very [&hellip;]\" \/>\n<meta property=\"og:url\" content=\"https:\/\/mindsetmarbella.com\/en\/estepona\/\" \/>\n<meta property=\"og:site_name\" content=\"Mindset Marbella\" \/>\n<meta property=\"article:publisher\" content=\"https:\/\/www.facebook.com\/mindsetmarbella\" \/>\n<meta property=\"article:modified_time\" content=\"2020-10-06T12:43:33+00:00\" \/>\n<meta name=\"twitter:card\" content=\"summary_large_image\" \/>\n<meta name=\"twitter:label1\" content=\"Est. reading time\" \/>\n\t<meta name=\"twitter:data1\" content=\"2 minutes\" \/>\n<script type=\"application\/ld+json\" class=\"yoast-schema-graph\">{\"@context\":\"https:\/\/schema.org\",\"@graph\":[{\"@type\":\"WebPage\",\"@id\":\"https:\/\/mindsetmarbella.com\/en\/estepona\/\",\"url\":\"https:\/\/mindsetmarbella.com\/en\/estepona\/\",\"name\":\"Estepona - Mindset Marbella\",\"isPartOf\":{\"@id\":\"https:\/\/mindsetmarbella.com\/#website\"},\"datePublished\":\"2020-02-19T09:50:01+00:00\",\"dateModified\":\"2020-10-06T12:43:33+00:00\",\"breadcrumb\":{\"@id\":\"https:\/\/mindsetmarbella.com\/en\/estepona\/#breadcrumb\"},\"inLanguage\":\"en-US\",\"potentialAction\":[{\"@type\":\"ReadAction\",\"target\":[\"https:\/\/mindsetmarbella.com\/en\/estepona\/\"]}]},{\"@type\":\"BreadcrumbList\",\"@id\":\"https:\/\/mindsetmarbella.com\/en\/estepona\/#breadcrumb\",\"itemListElement\":[{\"@type\":\"ListItem\",\"position\":1,\"name\":\"Home\",\"item\":\"https:\/\/mindsetmarbella.com\/en\/\"},{\"@type\":\"ListItem\",\"position\":2,\"name\":\"Estepona\"}]},{\"@type\":\"WebSite\",\"@id\":\"https:\/\/mindsetmarbella.com\/#website\",\"url\":\"https:\/\/mindsetmarbella.com\/\",\"name\":\"Mindset Marbella\",\"description\":\"Real Estate\",\"potentialAction\":[{\"@type\":\"SearchAction\",\"target\":{\"@type\":\"EntryPoint\",\"urlTemplate\":\"https:\/\/mindsetmarbella.com\/?s={search_term_string}\"},\"query-input\":{\"@type\":\"PropertyValueSpecification\",\"valueRequired\":true,\"valueName\":\"search_term_string\"}}],\"inLanguage\":\"en-US\"}]}<\/script>\n<!-- \/ Yoast SEO plugin. -->","yoast_head_json":{"title":"Estepona - Mindset Marbella","robots":{"index":"index","follow":"follow","max-snippet":"max-snippet:-1","max-image-preview":"max-image-preview:large","max-video-preview":"max-video-preview:-1"},"canonical":"https:\/\/mindsetmarbella.com\/en\/estepona\/","og_locale":"en_US","og_type":"article","og_title":"Estepona - Mindset Marbella","og_description":"[vc_row equal_height=&#8221;yes&#8221; content_placement=&#8221;middle&#8221;][vc_column width=&#8221;1\/2&#8243;][vc_column_text] Estepona is the most expansive municipality along the coast. Estepona has like the others its origin in fishing and it\u2019s still a very import part. Like Marbella has Estepona a low silhouette along the coast and the Andalusian charm is palpable. The coastline is 23 km whereof 21 km is very [&hellip;]","og_url":"https:\/\/mindsetmarbella.com\/en\/estepona\/","og_site_name":"Mindset Marbella","article_publisher":"https:\/\/www.facebook.com\/mindsetmarbella","article_modified_time":"2020-10-06T12:43:33+00:00","twitter_card":"summary_large_image","twitter_misc":{"Est. reading time":"2 minutes"},"schema":{"@context":"https:\/\/schema.org","@graph":[{"@type":"WebPage","@id":"https:\/\/mindsetmarbella.com\/en\/estepona\/","url":"https:\/\/mindsetmarbella.com\/en\/estepona\/","name":"Estepona - Mindset Marbella","isPartOf":{"@id":"https:\/\/mindsetmarbella.com\/#website"},"datePublished":"2020-02-19T09:50:01+00:00","dateModified":"2020-10-06T12:43:33+00:00","breadcrumb":{"@id":"https:\/\/mindsetmarbella.com\/en\/estepona\/#breadcrumb"},"inLanguage":"en-US","potentialAction":[{"@type":"ReadAction","target":["https:\/\/mindsetmarbella.com\/en\/estepona\/"]}]},{"@type":"BreadcrumbList","@id":"https:\/\/mindsetmarbella.com\/en\/estepona\/#breadcrumb","itemListElement":[{"@type":"ListItem","position":1,"name":"Home","item":"https:\/\/mindsetmarbella.com\/en\/"},{"@type":"ListItem","position":2,"name":"Estepona"}]},{"@type":"WebSite","@id":"https:\/\/mindsetmarbella.com\/#website","url":"https:\/\/mindsetmarbella.com\/","name":"Mindset Marbella","description":"Real Estate","potentialAction":[{"@type":"SearchAction","target":{"@type":"EntryPoint","urlTemplate":"https:\/\/mindsetmarbella.com\/?s={search_term_string}"},"query-input":{"@type":"PropertyValueSpecification","valueRequired":true,"valueName":"search_term_string"}}],"inLanguage":"en-US"}]}},"_links":{"self":[{"href":"https:\/\/mindsetmarbella.com\/en\/wp-json\/wp\/v2\/pages\/1049","targetHints":{"allow":["GET"]}}],"collection":[{"href":"https:\/\/mindsetmarbella.com\/en\/wp-json\/wp\/v2\/pages"}],"about":[{"href":"https:\/\/mindsetmarbella.com\/en\/wp-json\/wp\/v2\/types\/page"}],"author":[{"embeddable":true,"href":"https:\/\/mindsetmarbella.com\/en\/wp-json\/wp\/v2\/users\/2"}],"replies":[{"embeddable":true,"href":"https:\/\/mindsetmarbella.com\/en\/wp-json\/wp\/v2\/comments?post=1049"}],"version-history":[{"count":3,"href":"https:\/\/mindsetmarbella.com\/en\/wp-json\/wp\/v2\/pages\/1049\/revisions"}],"predecessor-version":[{"id":1052,"href":"https:\/\/mindsetmarbella.com\/en\/wp-json\/wp\/v2\/pages\/1049\/revisions\/1052"}],"wp:attachment":[{"href":"https:\/\/mindsetmarbella.com\/en\/wp-json\/wp\/v2\/media?parent=1049"}],"curies":[{"name":"wp","href":"https:\/\/api.w.org\/{rel}","templated":true}]}}